{"id":2914,"date":"2025-02-26T17:34:22","date_gmt":"2025-02-26T23:34:22","guid":{"rendered":"https:\/\/ccm-wordpress.aidgreen.mx\/?page_id=2914"},"modified":"2025-02-26T17:45:28","modified_gmt":"2025-02-26T23:45:28","slug":"publicaciones","status":"publish","type":"page","link":"https:\/\/ccm-wordpress.aidgreen.mx\/?page_id=2914","title":{"rendered":"Publicaciones"},"content":{"rendered":"<div class=\"wpb-content-wrapper\"><p>[vc_row][vc_column][vc_custom_heading source=&#8221;post_title&#8221; font_container=&#8221;tag:h2|text_align:left|color:%23009966&#8243; google_fonts=&#8221;font_family:Montserrat%3Aregular%2C700|font_style:400%20regular%3A400%3Anormal&#8221; css=&#8221;&#8221;][\/vc_column][\/vc_row][vc_row][vc_column]\r\n    <!-- Blog Start -->\r\n    <div class=\"krth-blog-one krth-blog-col-3  krth-post-69dd6b0fdbca6 \">\r\n\r\n      \r\n      <div id=\"post-2845\" class=\"krth-blog-post post-2845 post type-post status-publish format-aside has-post-thumbnail hentry category-material-orientativo tag-accion-climatica tag-accion-climatica-subnacional tag-cambio-climatico tag-desarrollo-sostenible tag-financiamiento-sostenible post_format-post-format-aside\">\r\n\r\n                <div class=\"featured-image rounded-three\">\r\n          <img decoding=\"async\" src=\"https:\/\/ccm-wordpress.aidgreen.mx\/wp-content\/uploads\/2024\/12\/Recomendaciones-Clave-370x260.jpg\" alt=\"Segunda Cumbre del Financiamiento Clim\u00e1tico Subnacional\u00a0\">\r\n        <\/div>\r\n        \r\n        <!-- Content -->\r\n        <div class=\"bp-content\">\r\n\r\n          <!-- Metas -->\r\n          <div class=\"bp-top-meta\">\r\n                        <div class=\"bp-cat\">\r\n              <a href=\"https:\/\/ccm-wordpress.aidgreen.mx\/?cat=64\" rel=\"category\">Material orientativo<\/a>            <\/div>\r\n                        <div class=\"bp-author\">\r\n              <span>by <a href=\"https:\/\/ccm-wordpress.aidgreen.mx\/?author=1\" rel=\"author\">admin<\/a><\/span>            <\/div>\r\n                      <\/div>\r\n          <!-- Metas -->\r\n\r\n          <a href=\"https:\/\/ccm-wordpress.aidgreen.mx\/?p=2845\" class=\"bp-heading\">Segunda Cumbre del Financiamiento Clim\u00e1tico Subnacional\u00a0<\/a>\r\n                    <p>La Segunda Cumbre de Financiamiento Clim\u00e1tico Subnacional, realizada el 27 de noviembre de 2024, reuni\u00f3 a equipos participantes del Acompa\u00f1amiento T\u00e9cnico y Financiero de la Comunidad Clim\u00e1tica Mexicana (CCM). Este espacio permiti\u00f3 compartir experiencias, identificar lecciones aprendidas y socializar la herramienta que se encuentra en desarrollo para fortalecer[&#8230;]<\/p>\r\n          <a href=\"https:\/\/ccm-wordpress.aidgreen.mx\/?p=2845\" class=\"bp-read-more\">\r\n            Ver m\u00e1s          <\/a>\r\n                    <div class=\"bp-bottom-comments\">\r\n            <span><\/span>          <\/div>\r\n                  <\/div>\r\n        <!-- Content -->\r\n\r\n        <\/div><!-- #post-## -->\r\n\r\n      \r\n      <div id=\"post-2816\" class=\"krth-blog-post post-2816 post type-post status-publish format-aside has-post-thumbnail hentry category-material-orientativo category-seminarios-anteriores tag-accion-climatica tag-accion-climatica-subnacional tag-cambio-climatico tag-desarrollo-sostenible tag-descarbonizacion tag-equidad-de-genero-e-inclusion-social tag-financiamiento-sostenible post_format-post-format-aside\">\r\n\r\n                <div class=\"featured-image rounded-three\">\r\n          <img decoding=\"async\" src=\"https:\/\/ccm-wordpress.aidgreen.mx\/wp-content\/uploads\/2024\/10\/handshake-5768632_1280-370x260.jpg\" alt=\"Mesa Redonda: Continuidad y coordinaci\u00f3n de proyectos clim\u00e1ticos en gobiernos subnacionales: Enfoques para la transici\u00f3n\u00a0\">\r\n        <\/div>\r\n        \r\n        <!-- Content -->\r\n        <div class=\"bp-content\">\r\n\r\n          <!-- Metas -->\r\n          <div class=\"bp-top-meta\">\r\n                        <div class=\"bp-cat\">\r\n              <a href=\"https:\/\/ccm-wordpress.aidgreen.mx\/?cat=64\" rel=\"category\">Material orientativo<\/a> <a href=\"https:\/\/ccm-wordpress.aidgreen.mx\/?cat=80\" rel=\"category\">Seminarios Anteriores<\/a>            <\/div>\r\n                        <div class=\"bp-author\">\r\n              <span>by <a href=\"https:\/\/ccm-wordpress.aidgreen.mx\/?author=1\" rel=\"author\">admin<\/a><\/span>            <\/div>\r\n                      <\/div>\r\n          <!-- Metas -->\r\n\r\n          <a href=\"https:\/\/ccm-wordpress.aidgreen.mx\/?p=2816\" class=\"bp-heading\">Mesa Redonda: Continuidad y coordinaci\u00f3n de proyectos clim\u00e1ticos en gobiernos subnacionales: Enfoques para la transici\u00f3n\u00a0<\/a>\r\n                    <p>La mesa redonda se llev\u00f3 a cabo en un momento clave tras las elecciones de 2024 en M\u00e9xico, donde se renovaron m\u00e1s de 19 mil cargos p\u00fablicos, incluidas las gubernaturas en nueve estados. Este cambio de administraci\u00f3n presenta tanto oportunidades como desaf\u00edos para la continuidad de los proyectos[&#8230;]<\/p>\r\n          <a href=\"https:\/\/ccm-wordpress.aidgreen.mx\/?p=2816\" class=\"bp-read-more\">\r\n            Ver m\u00e1s          <\/a>\r\n                    <div class=\"bp-bottom-comments\">\r\n            <span><\/span>          <\/div>\r\n                  <\/div>\r\n        <!-- Content -->\r\n\r\n        <\/div><!-- #post-## -->\r\n\r\n      \r\n      <div id=\"post-2765\" class=\"krth-blog-post post-2765 post type-post status-publish format-aside has-post-thumbnail hentry category-material-orientativo tag-accion-climatica-subnacional tag-cambio-climatico tag-equidad-de-genero-e-inclusion-social post_format-post-format-aside\">\r\n\r\n                <div class=\"featured-image rounded-three\">\r\n          <img decoding=\"async\" src=\"https:\/\/ccm-wordpress.aidgreen.mx\/wp-content\/uploads\/2024\/10\/Save-The-Date-Evento-Pres_13-junio-2024_B-370x260.jpg\" alt=\"Recomendaciones de la Primera Cumbre de Financiamiento Clim\u00e1tico Subnacional\">\r\n        <\/div>\r\n        \r\n        <!-- Content -->\r\n        <div class=\"bp-content\">\r\n\r\n          <!-- Metas -->\r\n          <div class=\"bp-top-meta\">\r\n                        <div class=\"bp-cat\">\r\n              <a href=\"https:\/\/ccm-wordpress.aidgreen.mx\/?cat=64\" rel=\"category\">Material orientativo<\/a>            <\/div>\r\n                        <div class=\"bp-author\">\r\n              <span>by <a href=\"https:\/\/ccm-wordpress.aidgreen.mx\/?author=1\" rel=\"author\">admin<\/a><\/span>            <\/div>\r\n                      <\/div>\r\n          <!-- Metas -->\r\n\r\n          <a href=\"https:\/\/ccm-wordpress.aidgreen.mx\/?p=2765\" class=\"bp-heading\">Recomendaciones de la Primera Cumbre de Financiamiento Clim\u00e1tico Subnacional<\/a>\r\n                    <p>Ante la urgencia clim\u00e1tica, los gobiernos subnacionales en M\u00e9xico se enfrentan a la necesidad de implementar proyectos de mitigaci\u00f3n y adaptaci\u00f3n al cambio clim\u00e1tico que sean sostenibles, inclusivos y con perspectiva de g\u00e9nero. La Comunidad Clim\u00e1tica Mexicana (CCM) surgi\u00f3 como una iniciativa para fortalecer las capacidades y conocimientos[&#8230;]<\/p>\r\n          <a href=\"https:\/\/ccm-wordpress.aidgreen.mx\/?p=2765\" class=\"bp-read-more\">\r\n            Ver m\u00e1s          <\/a>\r\n                    <div class=\"bp-bottom-comments\">\r\n            <span><\/span>          <\/div>\r\n                  <\/div>\r\n        <!-- Content -->\r\n\r\n        <\/div><!-- #post-## -->\r\n\r\n      \r\n      <div id=\"post-2730\" class=\"krth-blog-post post-2730 post type-post status-publish format-aside has-post-thumbnail hentry category-material-orientativo post_format-post-format-aside\">\r\n\r\n                <div class=\"featured-image rounded-three\">\r\n          <img decoding=\"async\" src=\"https:\/\/ccm-wordpress.aidgreen.mx\/wp-content\/uploads\/2024\/09\/Captura-de-pantalla-2024-09-17-a-las-3.37.53\u202fp.m-370x260.png\" alt=\"\u00bfC\u00f3mo impulsar acciones clim\u00e1ticas ambiciosas desde los gobiernos subnacionales en M\u00e9xico?\">\r\n        <\/div>\r\n        \r\n        <!-- Content -->\r\n        <div class=\"bp-content\">\r\n\r\n          <!-- Metas -->\r\n          <div class=\"bp-top-meta\">\r\n                        <div class=\"bp-cat\">\r\n              <a href=\"https:\/\/ccm-wordpress.aidgreen.mx\/?cat=64\" rel=\"category\">Material orientativo<\/a>            <\/div>\r\n                        <div class=\"bp-author\">\r\n              <span>by <a href=\"https:\/\/ccm-wordpress.aidgreen.mx\/?author=1\" rel=\"author\">admin<\/a><\/span>            <\/div>\r\n                      <\/div>\r\n          <!-- Metas -->\r\n\r\n          <a href=\"https:\/\/ccm-wordpress.aidgreen.mx\/?p=2730\" class=\"bp-heading\">\u00bfC\u00f3mo impulsar acciones clim\u00e1ticas ambiciosas desde los gobiernos subnacionales en M\u00e9xico?<\/a>\r\n                    <p>Reporte de resultados e impactos de la Comunidad Clim\u00e1tica Mexicana 2021 &#8211; 2023 En la atenci\u00f3n a la crisis clim\u00e1tica, los gobiernos subnacionales juegan un papel fundamental. Este nivel de gobierno tiene las facultades para incidir de manera directa en algunos de los principales sectores emisores de gases[&#8230;]<\/p>\r\n          <a href=\"https:\/\/ccm-wordpress.aidgreen.mx\/?p=2730\" class=\"bp-read-more\">\r\n            Ver m\u00e1s          <\/a>\r\n                    <div class=\"bp-bottom-comments\">\r\n            <span><\/span>          <\/div>\r\n                  <\/div>\r\n        <!-- Content -->\r\n\r\n        <\/div><!-- #post-## -->\r\n\r\n      \r\n      <div id=\"post-2627\" class=\"krth-blog-post post-2627 post type-post status-publish format-aside has-post-thumbnail hentry category-material-orientativo tag-accion-climatica tag-accion-climatica-subnacional tag-cambio-climatico tag-descarbonizacion post_format-post-format-aside\">\r\n\r\n                <div class=\"featured-image rounded-three\">\r\n          <img decoding=\"async\" src=\"https:\/\/ccm-wordpress.aidgreen.mx\/wp-content\/uploads\/2024\/03\/Descarbonizacion-TWLD-1-370x260.jpg\" alt=\"Mesa redonda: Descarbonizaci\u00f3n del sector transporte, una mirada desde lo subnacional\">\r\n        <\/div>\r\n        \r\n        <!-- Content -->\r\n        <div class=\"bp-content\">\r\n\r\n          <!-- Metas -->\r\n          <div class=\"bp-top-meta\">\r\n                        <div class=\"bp-cat\">\r\n              <a href=\"https:\/\/ccm-wordpress.aidgreen.mx\/?cat=64\" rel=\"category\">Material orientativo<\/a>            <\/div>\r\n                        <div class=\"bp-author\">\r\n              <span>by <a href=\"https:\/\/ccm-wordpress.aidgreen.mx\/?author=1\" rel=\"author\">admin<\/a><\/span>            <\/div>\r\n                      <\/div>\r\n          <!-- Metas -->\r\n\r\n          <a href=\"https:\/\/ccm-wordpress.aidgreen.mx\/?p=2627\" class=\"bp-heading\">Mesa redonda: Descarbonizaci\u00f3n del sector transporte, una mirada desde lo subnacional<\/a>\r\n                    <p>C\u00f3mo parte de las actividades de la Comunidad Clim\u00e1tica Mexicana (CCM), en septiembre de 2023 se llev\u00f3 a cabo una mesa redonda virtual sobre la descarbonizaci\u00f3n del sector transporte a nivel subnacional. El evento reuni\u00f3 a&nbsp; personas funcionarias p\u00fablicas representando a tres estados mexicanos: Guanajuato, Yucat\u00e1n y Baja[&#8230;]<\/p>\r\n          <a href=\"https:\/\/ccm-wordpress.aidgreen.mx\/?p=2627\" class=\"bp-read-more\">\r\n            Ver m\u00e1s          <\/a>\r\n                    <div class=\"bp-bottom-comments\">\r\n            <a href=\"https:\/\/ccm-wordpress.aidgreen.mx\/?p=2627#respond\"><i class=\"icon-speech\"><\/i><span>0<\/span><\/a>          <\/div>\r\n                  <\/div>\r\n        <!-- Content -->\r\n\r\n        <\/div><!-- #post-## -->\r\n\r\n      \r\n      <div id=\"post-2575\" class=\"krth-blog-post post-2575 post type-post status-publish format-aside has-post-thumbnail hentry category-material-orientativo post_format-post-format-aside\">\r\n\r\n                <div class=\"featured-image rounded-three\">\r\n          <img decoding=\"async\" src=\"https:\/\/ccm-wordpress.aidgreen.mx\/wp-content\/uploads\/2024\/02\/Impuestos-al-carbono-TWLD-5-370x260.jpg\" alt=\"Estrategias para la Implementaci\u00f3n Efectiva de Impuestos al Carbono en M\u00e9xico\">\r\n        <\/div>\r\n        \r\n        <!-- Content -->\r\n        <div class=\"bp-content\">\r\n\r\n          <!-- Metas -->\r\n          <div class=\"bp-top-meta\">\r\n                        <div class=\"bp-cat\">\r\n              <a href=\"https:\/\/ccm-wordpress.aidgreen.mx\/?cat=64\" rel=\"category\">Material orientativo<\/a>            <\/div>\r\n                        <div class=\"bp-author\">\r\n              <span>by <a href=\"https:\/\/ccm-wordpress.aidgreen.mx\/?author=1\" rel=\"author\">admin<\/a><\/span>            <\/div>\r\n                      <\/div>\r\n          <!-- Metas -->\r\n\r\n          <a href=\"https:\/\/ccm-wordpress.aidgreen.mx\/?p=2575\" class=\"bp-heading\">Estrategias para la Implementaci\u00f3n Efectiva de Impuestos al Carbono en M\u00e9xico<\/a>\r\n                    <p>C\u00f3mo parte de las actividades de la Comunidad Clim\u00e1tica Mexicana (CCM), el 31 de enero de 2024 se llev\u00f3 a cabo una mesa redonda virtual sobre la implementaci\u00f3n de impuestos al carbono en M\u00e9xico. El evento reuni\u00f3 a diez personas funcionarias p\u00fablicas representando a seis estados mexicanos, adem\u00e1s[&#8230;]<\/p>\r\n          <a href=\"https:\/\/ccm-wordpress.aidgreen.mx\/?p=2575\" class=\"bp-read-more\">\r\n            Ver m\u00e1s          <\/a>\r\n                    <div class=\"bp-bottom-comments\">\r\n            <a href=\"https:\/\/ccm-wordpress.aidgreen.mx\/?p=2575#comments\"><i class=\"icon-speech\"><\/i><span>3<\/span><\/a>          <\/div>\r\n                  <\/div>\r\n        <!-- Content -->\r\n\r\n        <\/div><!-- #post-## -->\r\n\r\n      \r\n    <\/div>\r\n    <!-- Blog End -->\r\n\r\n    <div class='wp-pagenavi' role='navigation'>\n<span class='pages'>P\u00e1gina 1 de 3<\/span><span aria-current='page' class='current'>1<\/span><a class=\"page larger\" title=\"P\u00e1gina 2\" href=\"https:\/\/ccm-wordpress.aidgreen.mx\/index.php?rest_route=%2Fwp%2Fv2%2Fpages%2F2914&#038;paged=2\">2<\/a><a class=\"page larger\" title=\"P\u00e1gina 3\" href=\"https:\/\/ccm-wordpress.aidgreen.mx\/index.php?rest_route=%2Fwp%2Fv2%2Fpages%2F2914&#038;paged=3\">3<\/a><a class=\"nextpostslink\" rel=\"next\" aria-label=\"P\u00e1gina siguiente\" href=\"https:\/\/ccm-wordpress.aidgreen.mx\/index.php?rest_route=%2Fwp%2Fv2%2Fpages%2F2914&#038;paged=2\">&raquo;<\/a>\n<\/div>[\/vc_column][\/vc_row]<\/p>\n<\/div>","protected":false},"excerpt":{"rendered":"[vc_row][vc_column][vc_custom_heading source=&#8221;post_title&#8221; font_container=&#8221;tag:h2|text_align:left|color:%23009966&#8243; google_fonts=&#8221;font_family:Montserrat%3Aregular%2C700|font_style:400%20regular%3A400%3Anormal&#8221; css=&#8221;&#8221;][\/vc_column][\/vc_row][vc_row][vc_column][\/vc_column][\/vc_row]","protected":false},"author":1,"featured_media":0,"parent":0,"menu_order":7,"comment_status":"closed","ping_status":"closed","template":"","meta":{"footnotes":""},"class_list":["post-2914","page","type-page","status-publish","hentry"],"_links":{"self":[{"href":"https:\/\/ccm-wordpress.aidgreen.mx\/index.php?rest_route=\/wp\/v2\/pages\/2914","targetHints":{"allow":["GET"]}}],"collection":[{"href":"https:\/\/ccm-wordpress.aidgreen.mx\/index.php?rest_route=\/wp\/v2\/pages"}],"about":[{"href":"https:\/\/ccm-wordpress.aidgreen.mx\/index.php?rest_route=\/wp\/v2\/types\/page"}],"author":[{"embeddable":true,"href":"https:\/\/ccm-wordpress.aidgreen.mx\/index.php?rest_route=\/wp\/v2\/users\/1"}],"replies":[{"embeddable":true,"href":"https:\/\/ccm-wordpress.aidgreen.mx\/index.php?rest_route=%2Fwp%2Fv2%2Fcomments&post=2914"}],"version-history":[{"count":5,"href":"https:\/\/ccm-wordpress.aidgreen.mx\/index.php?rest_route=\/wp\/v2\/pages\/2914\/revisions"}],"predecessor-version":[{"id":2917,"href":"https:\/\/ccm-wordpress.aidgreen.mx\/index.php?rest_route=\/wp\/v2\/pages\/2914\/revisions\/2917"}],"wp:attachment":[{"href":"https:\/\/ccm-wordpress.aidgreen.mx\/index.php?rest_route=%2Fwp%2Fv2%2Fmedia&parent=2914"}],"curies":[{"name":"wp","href":"https:\/\/api.w.org\/{rel}","templated":true}]}}