{"id":452,"date":"2016-08-15T18:33:22","date_gmt":"2016-08-15T18:33:22","guid":{"rendered":"http:\/\/kroth:8888\/?page_id=452"},"modified":"2025-02-27T14:19:34","modified_gmt":"2025-02-27T20:19:34","slug":"project-page-1","status":"publish","type":"page","link":"https:\/\/ccm-wordpress.aidgreen.mx\/?page_id=452","title":{"rendered":"Historias clim\u00e1ticas"},"content":{"rendered":"<div class=\"wpb-content-wrapper\"><p>[vc_row overlay_dotted=&#8221;&#8221;][vc_column]    <ul class=\"bpw-filter simple-fix  krth-portfolio-69dd7f03c56a6\">\r\n\t\t\t<li><a href=\"#0\" class=\"btn-active\" data-filter=\"*\">All<\/a><\/li>\r\n      <li><a href=\"#0\" class=\"filter cat-ganadores-historias-climaticas\" data-filter=\".cat-ganadores-historias-climaticas\" title=\"Ganadores historias climaticas\">Ganadores historias climaticas<\/a><\/li><li><a href=\"#0\" class=\"filter cat-historias-climaticas\" data-filter=\".cat-historias-climaticas\" title=\"Historias clim\u00e1ticas\">Historias clim\u00e1ticas<\/a><\/li>\t\t<\/ul>\r\n    \r\n    <!-- Portfolio Start -->\r\n    <div class=\"krth-portfolios bpw-style-one bpw-col-3  \">\r\n      <div class=\"grid-sizer\"><\/div>\r\n      <div class=\"gutter-sizer\"><\/div>\r\n\r\n      \r\n        <div class=\"krth-portfolio-item  krth-portfolio-69dd7f03c56a6 cat-historias-climaticas \">\r\n          <div class=\"bpw-featured-img\">\r\n            <img decoding=\"async\" src=\"https:\/\/ccm-wordpress.aidgreen.mx\/wp-content\/uploads\/2025\/02\/image6_1-420x280.jpg\" alt=\"Programa de acci\u00f3n clim\u00e1tica en San Miguel de Allende: un ejemplo de sinergias \u201cSi hay acci\u00f3n, hay soluci\u00f3n\u201d\">\r\n          <\/div>\r\n          <div class=\"bpw-content-overlay\"><\/div>\r\n          <div class=\"bpw-content\">\r\n            <div class=\"bpw-heading\">Programa de acci\u00f3n clim\u00e1tica en San Miguel de Allende: un ejemplo de sinergias \u201cSi hay acci\u00f3n, hay soluci\u00f3n\u201d<\/div>\r\n            <a href=\"https:\/\/ccm-wordpress.aidgreen.mx\/?portfolio=programa-de-accion-climatica-en-san-miguel-de-allende-un-ejemplo-de-sinergias-si-hay-accion-hay-solucion\" class=\"bpw-btn\">Conocer historia<\/a>\r\n          <\/div>\r\n        <\/div>\r\n\r\n      \r\n        <div class=\"krth-portfolio-item  krth-portfolio-69dd7f03c56a6 cat-historias-climaticas \">\r\n          <div class=\"bpw-featured-img\">\r\n            <img decoding=\"async\" src=\"https:\/\/ccm-wordpress.aidgreen.mx\/wp-content\/uploads\/2025\/02\/16-420x280.jpg\" alt=\"De vertedero a integrador social: Parque Lineal Gran Canal de la Ciudad de M\u00e9xico\">\r\n          <\/div>\r\n          <div class=\"bpw-content-overlay\"><\/div>\r\n          <div class=\"bpw-content\">\r\n            <div class=\"bpw-heading\">De vertedero a integrador social: Parque Lineal Gran Canal de la Ciudad de M\u00e9xico<\/div>\r\n            <a href=\"https:\/\/ccm-wordpress.aidgreen.mx\/?portfolio=de-vertedero-a-integrador-social-parque-lineal-gran-canal-de-la-ciudad-de-mexico\" class=\"bpw-btn\">Conocer historia<\/a>\r\n          <\/div>\r\n        <\/div>\r\n\r\n      \r\n        <div class=\"krth-portfolio-item  krth-portfolio-69dd7f03c56a6 cat-historias-climaticas \">\r\n          <div class=\"bpw-featured-img\">\r\n            <img decoding=\"async\" src=\"https:\/\/ccm-wordpress.aidgreen.mx\/wp-content\/uploads\/2025\/02\/Img1-HC-420x280.jpg\" alt=\"Redes comunitarias de manejo integrado del paisaje para la resiliencia clim\u00e1tica\">\r\n          <\/div>\r\n          <div class=\"bpw-content-overlay\"><\/div>\r\n          <div class=\"bpw-content\">\r\n            <div class=\"bpw-heading\">Redes comunitarias de manejo integrado del paisaje para la resiliencia clim\u00e1tica<\/div>\r\n            <a href=\"https:\/\/ccm-wordpress.aidgreen.mx\/?portfolio=redes-comunitarias-de-manejo-integrado-del-paisaje-para-la-resiliencia-climatica\" class=\"bpw-btn\">Conocer historia<\/a>\r\n          <\/div>\r\n        <\/div>\r\n\r\n      \r\n        <div class=\"krth-portfolio-item  krth-portfolio-69dd7f03c56a6 cat-ganadores-historias-climaticas \">\r\n          <div class=\"bpw-featured-img\">\r\n            <img decoding=\"async\" src=\"https:\/\/ccm-wordpress.aidgreen.mx\/wp-content\/uploads\/2016\/11\/Sonora-420x280.jpg\" alt=\"Sonora | Un ejemplo de corresponsabilidad y restauraci\u00f3n ante el cambio clim\u00e1tico: Parque central y Cintur\u00f3n verde\">\r\n          <\/div>\r\n          <div class=\"bpw-content-overlay\"><\/div>\r\n          <div class=\"bpw-content\">\r\n            <div class=\"bpw-heading\">Sonora | Un ejemplo de corresponsabilidad y restauraci\u00f3n ante el cambio clim\u00e1tico: Parque central y Cintur\u00f3n verde<\/div>\r\n            <a href=\"https:\/\/ccm-wordpress.aidgreen.mx\/?portfolio=easytransfer\" class=\"bpw-btn\">Conocer historia<\/a>\r\n          <\/div>\r\n        <\/div>\r\n\r\n      \r\n        <div class=\"krth-portfolio-item  krth-portfolio-69dd7f03c56a6 cat-ganadores-historias-climaticas \">\r\n          <div class=\"bpw-featured-img\">\r\n            <img decoding=\"async\" src=\"https:\/\/ccm-wordpress.aidgreen.mx\/wp-content\/uploads\/2016\/11\/0G6A8171-420x280.jpg\" alt=\"Yucat\u00e1n | Comunidades aut\u00f3nomas verdes\">\r\n          <\/div>\r\n          <div class=\"bpw-content-overlay\"><\/div>\r\n          <div class=\"bpw-content\">\r\n            <div class=\"bpw-heading\">Yucat\u00e1n | Comunidades aut\u00f3nomas verdes<\/div>\r\n            <a href=\"https:\/\/ccm-wordpress.aidgreen.mx\/?portfolio=chanze-renovation-inc\" class=\"bpw-btn\">Conocer historia<\/a>\r\n          <\/div>\r\n        <\/div>\r\n\r\n      \r\n        <div class=\"krth-portfolio-item  krth-portfolio-69dd7f03c56a6 cat-ganadores-historias-climaticas \">\r\n          <div class=\"bpw-featured-img\">\r\n            <img decoding=\"async\" src=\"https:\/\/ccm-wordpress.aidgreen.mx\/wp-content\/uploads\/2025\/02\/Screenshot-2022-06-22-at-13-53-50-Historias-climaticas-que-cambian-vidas-420x280.png\" alt=\"Guanajuato | Sistema de captaci\u00f3n de agua de lluvia con enfoque de potabilizaci\u00f3n en vivienda\">\r\n          <\/div>\r\n          <div class=\"bpw-content-overlay\"><\/div>\r\n          <div class=\"bpw-content\">\r\n            <div class=\"bpw-heading\">Guanajuato | Sistema de captaci\u00f3n de agua de lluvia con enfoque de potabilizaci\u00f3n en vivienda<\/div>\r\n            <a href=\"https:\/\/ccm-wordpress.aidgreen.mx\/?portfolio=emirates-skycargo\" class=\"bpw-btn\">Conocer historia<\/a>\r\n          <\/div>\r\n        <\/div>\r\n\r\n      \r\n    <\/div>\r\n    <!-- Portfolio End -->\r\n\r\n    [\/vc_column][\/vc_row]<\/p>\n<\/div>","protected":false},"excerpt":{"rendered":"[vc_row overlay_dotted=&#8221;&#8221;][vc_column][\/vc_column][\/vc_row]","protected":false},"author":1,"featured_media":0,"parent":0,"menu_order":13,"comment_status":"closed","ping_status":"closed","template":"","meta":{"footnotes":""},"class_list":["post-452","page","type-page","status-publish","hentry"],"_links":{"self":[{"href":"https:\/\/ccm-wordpress.aidgreen.mx\/index.php?rest_route=\/wp\/v2\/pages\/452","targetHints":{"allow":["GET"]}}],"collection":[{"href":"https:\/\/ccm-wordpress.aidgreen.mx\/index.php?rest_route=\/wp\/v2\/pages"}],"about":[{"href":"https:\/\/ccm-wordpress.aidgreen.mx\/index.php?rest_route=\/wp\/v2\/types\/page"}],"author":[{"embeddable":true,"href":"https:\/\/ccm-wordpress.aidgreen.mx\/index.php?rest_route=\/wp\/v2\/users\/1"}],"replies":[{"embeddable":true,"href":"https:\/\/ccm-wordpress.aidgreen.mx\/index.php?rest_route=%2Fwp%2Fv2%2Fcomments&post=452"}],"version-history":[{"count":4,"href":"https:\/\/ccm-wordpress.aidgreen.mx\/index.php?rest_route=\/wp\/v2\/pages\/452\/revisions"}],"predecessor-version":[{"id":2957,"href":"https:\/\/ccm-wordpress.aidgreen.mx\/index.php?rest_route=\/wp\/v2\/pages\/452\/revisions\/2957"}],"wp:attachment":[{"href":"https:\/\/ccm-wordpress.aidgreen.mx\/index.php?rest_route=%2Fwp%2Fv2%2Fmedia&parent=452"}],"curies":[{"name":"wp","href":"https:\/\/api.w.org\/{rel}","templated":true}]}}