{"id":486,"date":"2016-08-16T06:52:01","date_gmt":"2016-08-16T06:52:01","guid":{"rendered":"http:\/\/kroth:8888\/?page_id=486"},"modified":"2025-03-07T10:19:16","modified_gmt":"2025-03-07T16:19:16","slug":"company","status":"publish","type":"page","link":"https:\/\/ccm-wordpress.aidgreen.mx\/?page_id=486","title":{"rendered":"Estrategia"},"content":{"rendered":"<div class=\"wpb-content-wrapper\"><p>[vc_row][vc_column][\/vc_column][\/vc_row][vc_row][vc_column][vc_row_inner][vc_column_inner width=&#8221;1\/2&#8243;][vc_custom_heading text=&#8221;L\u00edneas de acci\u00f3n&#8221; font_container=&#8221;tag:h2|text_align:left|color:%23009966&#8243; google_fonts=&#8221;font_family:Raleway%3A100%2C200%2C300%2Cregular%2C500%2C600%2C700%2C800%2C900|font_style:700%20bold%20regular%3A700%3Anormal&#8221; css=&#8221;&#8221;][vc_column_text css=&#8221;.vc_custom_1739493741542{margin-bottom: 0px !important;padding-top: 60px !important;}&#8221;]<\/p>\n<p style=\"text-align: justify;\">Desde sus inicios, la CCM ha colaborado con diversas entidades subnacionales mexicanas. La Comunidad enfoca sus actividades, por un lado, en impulsar acciones de mitigaci\u00f3n ambiciosas y, por otro, en robustecer la resiliencia y capacidad adaptativa de estados y municipios; impulsando as\u00ed su contribuci\u00f3n hacia las metas clim\u00e1ticas del pa\u00eds alineadas con la ciencia y los objetivos globales.<\/p>\n<p style=\"text-align: justify;\">Para lograr sus objetivos, la CCM trabaja con representantes de gobiernos por medio de programas de capacitacio\u0301n, acompan\u0303amiento e intercambio de experiencias en li\u0301nea con los siguientes siete temas prioritarios identificados en conjunto con las autoridades de gobiernos subnacionales.<\/p>\n<p>[\/vc_column_text][\/vc_column_inner][vc_column_inner width=&#8221;1\/2&#8243;][vc_single_image image=&#8221;1854&#8243; img_size=&#8221;large&#8221; alignment=&#8221;center&#8221; css=&#8221;&#8221;][\/vc_column_inner][\/vc_row_inner][vc_row_inner][vc_column_inner width=&#8221;1\/4&#8243;]<div class=\"krth-service-two\"><div class=\"service-icon\"><i class=\"fa fa-calendar\"><\/i><\/div><div class=\"services-content\"><h3 class=\"service-heading\" style=\"\">Planeaci\u00f3n<br \/>clim\u00e1tica<\/h3><\/div><\/div><div class=\"krth-service-two\"><div class=\"service-icon\"><i class=\"fa fa-tree\"><\/i><\/div><div class=\"services-content\"><h3 class=\"service-heading\" style=\"\">Uso de suelo<br \/>y bosques<\/h3><\/div><\/div>[\/vc_column_inner][vc_column_inner width=&#8221;1\/4&#8243;]<div class=\"krth-service-two\"><div class=\"service-icon\"><i class=\"fa fa-bicycle\"><\/i><\/div><div class=\"services-content\"><h3 class=\"service-heading\" style=\"\">Desarrollo urbano y <br \/>movilidad sostenible<\/h3><\/div><\/div><div class=\"krth-service-two\"><div class=\"service-icon\"><i class=\"fa fa-sun-o\"><\/i><\/div><div class=\"services-content\"><h3 class=\"service-heading\" style=\"\">Energ\u00eda<br \/><\/h3><\/div><\/div>[\/vc_column_inner][vc_column_inner width=&#8221;1\/4&#8243;]<div class=\"krth-service-two\"><div class=\"service-icon\"><i class=\"fa fa-refresh\"><\/i><\/div><div class=\"services-content\"><h3 class=\"service-heading\" style=\"\">Econom\u00eda <br \/>circular<\/h3><\/div><\/div><div class=\"krth-service-two\"><div class=\"service-icon\"><i class=\"fa fa-leaf\"><\/i><\/div><div class=\"services-content\"><h3 class=\"service-heading\" style=\"\">Adaptaci\u00f3n<br \/>y resilencia<\/h3><\/div><\/div>[\/vc_column_inner][vc_column_inner width=&#8221;1\/4&#8243;]<div class=\"krth-service-two\"><div class=\"service-icon\"><i class=\"fa fa-usd\"><\/i><\/div><div class=\"services-content\"><h3 class=\"service-heading\" style=\"\">Financiamiento <br \/><\/h3><\/div><\/div>[\/vc_column_inner][\/vc_row_inner][vc_row_inner][vc_column_inner][vc_separator color=&#8221;custom&#8221; accent_color=&#8221;#e8e8e8&#8243; css=&#8221;.vc_custom_1471331569106{margin-top: 20px !important;margin-bottom: 20px !important;}&#8221;][\/vc_column_inner][vc_column_inner][\/vc_column_inner][\/vc_row_inner][vc_row_inner][vc_column_inner width=&#8221;1\/2&#8243;][vc_single_image image=&#8221;1724&#8243; img_size=&#8221;full&#8221; alignment=&#8221;center&#8221; css=&#8221;&#8221;][\/vc_column_inner][vc_column_inner width=&#8221;1\/2&#8243;][vc_custom_heading text=&#8221;Esquema de Gobernanza&#8221; font_container=&#8221;tag:h2|text_align:left|color:%23009966&#8243; google_fonts=&#8221;font_family:Raleway%3A100%2C200%2C300%2Cregular%2C500%2C600%2C700%2C800%2C900|font_style:700%20bold%20regular%3A700%3Anormal&#8221; css=&#8221;&#8221;][vc_column_text css=&#8221;.vc_custom_1739494008893{padding-top: 60px !important;}&#8221;]<\/p>\n<p style=\"text-align: justify;\">La CCM esta\u0301 integrada por un sistema coordinado, colaborativo y transversal. Se compone de tres entes principales: un Consejo Directivo, un Grupo Te\u0301cnico Operativo y un Secretariado Te\u0301cnico. Esta estructura tripartita permite establecer las condiciones y sinergias necesarias para facilitar mecanismos de vinculacio\u0301n, gestio\u0301n, coordinacio\u0301n, implementacio\u0301n y rendicio\u0301n de cuentas para el cumplimiento de las l\u00edneas de acci\u00f3n de la CCM.<\/p>\n<p>[\/vc_column_text][\/vc_column_inner][\/vc_row_inner][vc_row_inner][vc_column_inner][vc_separator color=&#8221;custom&#8221; accent_color=&#8221;#e8e8e8&#8243; css=&#8221;.vc_custom_1471331569106{margin-top: 20px !important;margin-bottom: 20px !important;}&#8221;][\/vc_column_inner][vc_column_inner][vc_custom_heading text=&#8221;Objetivos espec\u00edficos&#8221; font_container=&#8221;tag:h2|text_align:left|color:%23009966&#8243; google_fonts=&#8221;font_family:Raleway%3A100%2C200%2C300%2Cregular%2C500%2C600%2C700%2C800%2C900|font_style:700%20bold%20regular%3A700%3Anormal&#8221; css=&#8221;&#8221;][\/vc_column_inner][\/vc_row_inner][vc_row_inner][vc_column_inner width=&#8221;1\/2&#8243;]\r\n      <div class=\"krth-service-four text-center\"><div class=\"services-content\"><p style=\"text-align: justify;\"><img loading=\"lazy\" decoding=\"async\" class=\"size-full wp-image-1755 aligncenter\" src=\"https:\/\/ccm-wordpress.aidgreen.mx\/wp-content\/uploads\/2025\/02\/documentar.png\" alt=\"\" width=\"50\" height=\"50\" \/><\/p>\n<p style=\"text-align: justify;\"><span style=\"font-family: Montserrat, sans-serif;\">Acelerar y profundizar la acci\u00f3n clim\u00e1tica de los gobiernos subnacionales, mediante espacios de colaboraci\u00f3n, acompa\u00f1amiento y fortalecimiento de capacidades.<\/span><\/p>\n<\/div><\/div>\r\n      <div class=\"krth-service-four text-center\"><div class=\"services-content\"><p style=\"text-align: justify;\"><img loading=\"lazy\" decoding=\"async\" class=\"size-full wp-image-1753 aligncenter\" src=\"https:\/\/ccm-wordpress.aidgreen.mx\/wp-content\/uploads\/2025\/02\/planeacion-finanzas1.png\" alt=\"\" width=\"50\" height=\"50\" \/><\/p>\n<p style=\"text-align: justify;\">Fomentar las condiciones t\u00e9cnicas, financieras y pol\u00edticas de los gobiernos subnacionales que faciliten el dise\u00f1o de instrumentos de pol\u00edtica y planeaci\u00f3n de cambio clim\u00e1tico con metas ambiciosas de adaptaci\u00f3n y mitigaci\u00f3n, alineadas a objetivos globales (en espec\u00edfico, el Acuerdo de Par\u00eds).<\/p>\n<\/div><\/div>[\/vc_column_inner][vc_column_inner width=&#8221;1\/2&#8243;]\r\n      <div class=\"krth-service-four text-center\"><div class=\"services-content\"><p style=\"text-align: justify;\"><img loading=\"lazy\" decoding=\"async\" class=\"size-full wp-image-1756 aligncenter\" src=\"https:\/\/ccm-wordpress.aidgreen.mx\/wp-content\/uploads\/2025\/02\/observar.png\" alt=\"\" width=\"50\" height=\"50\" \/><\/p>\n<p style=\"text-align: justify;\"><span style=\"font-family: Montserrat, sans-serif;\">Dar visibilidad a las iniciativas y esfuerzos de acci\u00f3n clim\u00e1tica de los gobiernos subnacionales.\u00a0 \u00a0 \u00a0 \u00a0 \u00a0 \u00a0 \u00a0 \u00a0 \u00a0 \u00a0 \u00a0 \u00a0 \u00a0 \u00a0 \u00a0 \u00a0 \u00a0 \u00a0 \u00a0 \u00a0 \u00a0 \u00a0 \u00a0 \u00a0 \u00a0 \u00a0 \u00a0 \u00a0 \u00a0 \u00a0 \u00a0 \u00a0 \u00a0 \u00a0 \u00a0 \u00a0 \u00a0 \u00a0 \u00a0 \u00a0 \u00a0 \u00a0 \u00a0 \u00a0 \u00a0 \u00a0 \u00a0 \u00a0 \u00a0 \u00a0 \u00a0 \u00a0 \u00a0 \u00a0 \u00a0 \u00a0 \u00a0 &#8211;<\/span><\/p>\n<\/div><\/div>\r\n      <div class=\"krth-service-four text-center\"><div class=\"services-content\"><p style=\"text-align: justify;\"><img loading=\"lazy\" decoding=\"async\" class=\"size-full wp-image-1754 aligncenter\" src=\"https:\/\/ccm-wordpress.aidgreen.mx\/wp-content\/uploads\/2025\/02\/teamwork.png\" alt=\"\" width=\"50\" height=\"50\" \/><\/p>\n<p style=\"text-align: justify;\">Acompa\u00f1ar a las autoridades ambientales de los estados en sus esfuerzos de incidencia para posicionar sus agendas clim\u00e1ticas en distintos espacios, tanto nacionales como internacionales.\u00a0 \u00a0 \u00a0 \u00a0 \u00a0 \u00a0 \u00a0 \u00a0 \u00a0 \u00a0 \u00a0 \u00a0 \u00a0 \u00a0 \u00a0 \u00a0 \u00a0 \u00a0 \u00a0 \u00a0 \u00a0 \u00a0 \u00a0 \u00a0 \u00a0 \u00a0 \u00a0 \u00a0 \u00a0 \u00a0 \u00a0 \u00a0 \u00a0 \u00a0 \u00a0 \u00a0 \u00a0 \u00a0 \u00a0 \u00a0 \u00a0 \u00a0 \u00a0 \u00a0 \u00a0 \u00a0 \u00a0 \u00a0 \u00a0 \u00a0 \u00a0 \u00a0 \u00a0 \u00a0 \u00a0 \u00a0 \u00a0 \u00a0 \u00a0 \u00a0 \u00a0 \u00a0 \u00a0 \u00a0 \u00a0 \u00a0 \u00a0 \u00a0 \u00a0 \u00a0 \u00a0 &#8211;<\/p>\n<\/div><\/div>[\/vc_column_inner][\/vc_row_inner][\/vc_column][\/vc_row][vc_row][vc_column][vc_empty_space height=&#8221;60px&#8221;][\/vc_column][\/vc_row]<\/p>\n<\/div>","protected":false},"excerpt":{"rendered":"[vc_row][vc_column][\/vc_column][\/vc_row][vc_row][vc_column][vc_row_inner][vc_column_inner width=&#8221;1\/2&#8243;][vc_custom_heading text=&#8221;L\u00edneas de acci\u00f3n&#8221; font_container=&#8221;tag:h2|text_align:left|color:%23009966&#8243; google_fonts=&#8221;font_family:Raleway%3A100%2C200%2C300%2Cregular%2C500%2C600%2C700%2C800%2C900|font_style:700%20bold%20regular%3A700%3Anormal&#8221; css=&#8221;&#8221;][vc_column_text css=&#8221;.vc_custom_1739493741542{margin-bottom: 0px !important;padding-top: 60px !important;}&#8221;] Desde sus inicios, la CCM ha colaborado con diversas entidades subnacionales mexicanas. La Comunidad enfoca sus actividades, por un lado, en impulsar acciones de mitigaci\u00f3n ambiciosas y, por otro, en robustecer la resiliencia y capacidad adaptativa de estados y municipios; impulsando as\u00ed[&#8230;]","protected":false},"author":1,"featured_media":0,"parent":0,"menu_order":5,"comment_status":"closed","ping_status":"closed","template":"","meta":{"footnotes":""},"class_list":["post-486","page","type-page","status-publish","hentry"],"_links":{"self":[{"href":"https:\/\/ccm-wordpress.aidgreen.mx\/index.php?rest_route=\/wp\/v2\/pages\/486","targetHints":{"allow":["GET"]}}],"collection":[{"href":"https:\/\/ccm-wordpress.aidgreen.mx\/index.php?rest_route=\/wp\/v2\/pages"}],"about":[{"href":"https:\/\/ccm-wordpress.aidgreen.mx\/index.php?rest_route=\/wp\/v2\/types\/page"}],"author":[{"embeddable":true,"href":"https:\/\/ccm-wordpress.aidgreen.mx\/index.php?rest_route=\/wp\/v2\/users\/1"}],"replies":[{"embeddable":true,"href":"https:\/\/ccm-wordpress.aidgreen.mx\/index.php?rest_route=%2Fwp%2Fv2%2Fcomments&post=486"}],"version-history":[{"count":43,"href":"https:\/\/ccm-wordpress.aidgreen.mx\/index.php?rest_route=\/wp\/v2\/pages\/486\/revisions"}],"predecessor-version":[{"id":3046,"href":"https:\/\/ccm-wordpress.aidgreen.mx\/index.php?rest_route=\/wp\/v2\/pages\/486\/revisions\/3046"}],"wp:attachment":[{"href":"https:\/\/ccm-wordpress.aidgreen.mx\/index.php?rest_route=%2Fwp%2Fv2%2Fmedia&parent=486"}],"curies":[{"name":"wp","href":"https:\/\/api.w.org\/{rel}","templated":true}]}}