{"id":536,"date":"2016-08-16T09:47:49","date_gmt":"2016-08-16T09:47:49","guid":{"rendered":"http:\/\/kroth:8888\/?page_id=536"},"modified":"2025-03-07T20:18:55","modified_gmt":"2025-03-08T02:18:55","slug":"our-team","status":"publish","type":"page","link":"https:\/\/ccm-wordpress.aidgreen.mx\/?page_id=536","title":{"rendered":"Anuncios"},"content":{"rendered":"<div class=\"wpb-content-wrapper\"><p>[vc_row overlay_dotted=&#8221;&#8221; css=&#8221;.vc_custom_1471676056762{margin-top: 20px !important;margin-bottom: 45px !important;padding-top: 15px !important;padding-bottom: 0px !important;}&#8221;][vc_column width=&#8221;1\/2&#8243;][vc_custom_heading text=&#8221;Anuncios&#8221; font_container=&#8221;tag:h2|text_align:left|color:%23009966&#8243; google_fonts=&#8221;font_family:Raleway%3A100%2C200%2C300%2Cregular%2C500%2C600%2C700%2C800%2C900|font_style:700%20bold%20regular%3A700%3Anormal&#8221; css=&#8221;&#8221;][\/vc_column][\/vc_row][vc_row overlay_dotted=&#8221;&#8221;][vc_column]\r\n    <!-- Blog Start -->\r\n    <div class=\"krth-blog-one krth-blog-col-3  krth-post-69dd6b08ecbe1 \">\r\n\r\n      \r\n      <div id=\"post-2440\" class=\"krth-blog-post post-2440 post type-post status-publish format-standard has-post-thumbnail hentry category-noticias\">\r\n\r\n                <div class=\"featured-image rounded-three\">\r\n          <img decoding=\"async\" src=\"https:\/\/ccm-wordpress.aidgreen.mx\/wp-content\/uploads\/2023\/04\/2023-04-05-14-370x260.png\" alt=\"Comunidad Clim\u00e1tica Mexicana lanza su reporte 2022 en el marco de su segundo aniversario\">\r\n        <\/div>\r\n        \r\n        <!-- Content -->\r\n        <div class=\"bp-content\">\r\n\r\n          <!-- Metas -->\r\n          <div class=\"bp-top-meta\">\r\n                        <div class=\"bp-cat\">\r\n              <a href=\"https:\/\/ccm-wordpress.aidgreen.mx\/?cat=65\" rel=\"category\">Noticias<\/a>            <\/div>\r\n                        <div class=\"bp-author\">\r\n              <span>by <a href=\"https:\/\/ccm-wordpress.aidgreen.mx\/?author=1\" rel=\"author\">admin<\/a><\/span>            <\/div>\r\n                      <\/div>\r\n          <!-- Metas -->\r\n\r\n          <a href=\"https:\/\/ccm-wordpress.aidgreen.mx\/?p=2440\" class=\"bp-heading\">Comunidad Clim\u00e1tica Mexicana lanza su reporte 2022 en el marco de su segundo aniversario<\/a>\r\n                    <p>El pasado marzo de 2023, la[&#8230;]<\/p>\r\n          <a href=\"https:\/\/ccm-wordpress.aidgreen.mx\/?p=2440\" class=\"bp-read-more\">\r\n            Ver m\u00e1s          <\/a>\r\n                    <div class=\"bp-bottom-comments\">\r\n            <span><\/span>          <\/div>\r\n                  <\/div>\r\n        <!-- Content -->\r\n\r\n        <\/div><!-- #post-## -->\r\n\r\n      \r\n      <div id=\"post-2448\" class=\"krth-blog-post post-2448 post type-post status-publish format-standard has-post-thumbnail hentry category-noticias\">\r\n\r\n                <div class=\"featured-image rounded-three\">\r\n          <img decoding=\"async\" src=\"https:\/\/ccm-wordpress.aidgreen.mx\/wp-content\/uploads\/2023\/03\/WhatsApp-Image-2023-03-14-at-3.24.09-PM-370x260.jpeg\" alt=\"Seminario | Emisiones Netas Cero 2050: Acci\u00f3n clim\u00e1tica ambiciosa desde el \u00e1mbito de los gobiernos subnacionales.\">\r\n        <\/div>\r\n        \r\n        <!-- Content -->\r\n        <div class=\"bp-content\">\r\n\r\n          <!-- Metas -->\r\n          <div class=\"bp-top-meta\">\r\n                        <div class=\"bp-cat\">\r\n              <a href=\"https:\/\/ccm-wordpress.aidgreen.mx\/?cat=65\" rel=\"category\">Noticias<\/a>            <\/div>\r\n                        <div class=\"bp-author\">\r\n              <span>by <a href=\"https:\/\/ccm-wordpress.aidgreen.mx\/?author=1\" rel=\"author\">admin<\/a><\/span>            <\/div>\r\n                      <\/div>\r\n          <!-- Metas -->\r\n\r\n          <a href=\"https:\/\/ccm-wordpress.aidgreen.mx\/?p=2448\" class=\"bp-heading\">Seminario | Emisiones Netas Cero 2050: Acci\u00f3n clim\u00e1tica ambiciosa desde el \u00e1mbito de los gobiernos subnacionales.<\/a>\r\n                    <p>Iniciativa Clim\u00e1tica de M\u00e9xico (ICM) convoca[&#8230;]<\/p>\r\n          <a href=\"https:\/\/ccm-wordpress.aidgreen.mx\/?p=2448\" class=\"bp-read-more\">\r\n            Ver m\u00e1s          <\/a>\r\n                    <div class=\"bp-bottom-comments\">\r\n            <span><\/span>          <\/div>\r\n                  <\/div>\r\n        <!-- Content -->\r\n\r\n        <\/div><!-- #post-## -->\r\n\r\n      \r\n      <div id=\"post-2445\" class=\"krth-blog-post post-2445 post type-post status-publish format-standard has-post-thumbnail hentry category-noticias\">\r\n\r\n                <div class=\"featured-image rounded-three\">\r\n          <img decoding=\"async\" src=\"https:\/\/ccm-wordpress.aidgreen.mx\/wp-content\/uploads\/2023\/03\/1WhatsApp-Image-2023-03-08-at-1.38.36-PM-370x260.jpeg\" alt=\"Capacitaci\u00f3n | \u00bfC\u00f3mo integrar la perspectiva de g\u00e9nero en la planeaci\u00f3n y el desarrollo urbano?\">\r\n        <\/div>\r\n        \r\n        <!-- Content -->\r\n        <div class=\"bp-content\">\r\n\r\n          <!-- Metas -->\r\n          <div class=\"bp-top-meta\">\r\n                        <div class=\"bp-cat\">\r\n              <a href=\"https:\/\/ccm-wordpress.aidgreen.mx\/?cat=65\" rel=\"category\">Noticias<\/a>            <\/div>\r\n                        <div class=\"bp-author\">\r\n              <span>by <a href=\"https:\/\/ccm-wordpress.aidgreen.mx\/?author=1\" rel=\"author\">admin<\/a><\/span>            <\/div>\r\n                      <\/div>\r\n          <!-- Metas -->\r\n\r\n          <a href=\"https:\/\/ccm-wordpress.aidgreen.mx\/?p=2445\" class=\"bp-heading\">Capacitaci\u00f3n | \u00bfC\u00f3mo integrar la perspectiva de g\u00e9nero en la planeaci\u00f3n y el desarrollo urbano?<\/a>\r\n                    <p>El Consejo Consultivo Asesor de la[&#8230;]<\/p>\r\n          <a href=\"https:\/\/ccm-wordpress.aidgreen.mx\/?p=2445\" class=\"bp-read-more\">\r\n            Ver m\u00e1s          <\/a>\r\n                    <div class=\"bp-bottom-comments\">\r\n            <span><\/span>          <\/div>\r\n                  <\/div>\r\n        <!-- Content -->\r\n\r\n        <\/div><!-- #post-## -->\r\n\r\n      \r\n      <div id=\"post-2372\" class=\"krth-blog-post post-2372 post type-post status-publish format-standard has-post-thumbnail hentry category-noticias\">\r\n\r\n                <div class=\"featured-image rounded-three\">\r\n          <img decoding=\"async\" src=\"https:\/\/ccm-wordpress.aidgreen.mx\/wp-content\/uploads\/2023\/03\/2023-03-02-370x260.png\" alt=\"Principales resultados y acuerdos de la 13a reuni\u00f3n anual de GCF Task Force\">\r\n        <\/div>\r\n        \r\n        <!-- Content -->\r\n        <div class=\"bp-content\">\r\n\r\n          <!-- Metas -->\r\n          <div class=\"bp-top-meta\">\r\n                        <div class=\"bp-cat\">\r\n              <a href=\"https:\/\/ccm-wordpress.aidgreen.mx\/?cat=65\" rel=\"category\">Noticias<\/a>            <\/div>\r\n                        <div class=\"bp-author\">\r\n              <span>by <a href=\"https:\/\/ccm-wordpress.aidgreen.mx\/?author=1\" rel=\"author\">admin<\/a><\/span>            <\/div>\r\n                      <\/div>\r\n          <!-- Metas -->\r\n\r\n          <a href=\"https:\/\/ccm-wordpress.aidgreen.mx\/?p=2372\" class=\"bp-heading\">Principales resultados y acuerdos de la 13a reuni\u00f3n anual de GCF Task Force<\/a>\r\n                    <p>Entre el 7 y el 10[&#8230;]<\/p>\r\n          <a href=\"https:\/\/ccm-wordpress.aidgreen.mx\/?p=2372\" class=\"bp-read-more\">\r\n            Ver m\u00e1s          <\/a>\r\n                    <div class=\"bp-bottom-comments\">\r\n            <span><\/span>          <\/div>\r\n                  <\/div>\r\n        <!-- Content -->\r\n\r\n        <\/div><!-- #post-## -->\r\n\r\n      \r\n      <div id=\"post-2365\" class=\"krth-blog-post post-2365 post type-post status-publish format-standard has-post-thumbnail hentry category-noticias\">\r\n\r\n                <div class=\"featured-image rounded-three\">\r\n          <img decoding=\"async\" src=\"https:\/\/ccm-wordpress.aidgreen.mx\/wp-content\/uploads\/2023\/02\/2023-02-22-370x260.png\" alt=\"El rol de la igualdad de g\u00e9nero para lograr el liderazgo clim\u00e1tico de las empresas en M\u00e9xico\">\r\n        <\/div>\r\n        \r\n        <!-- Content -->\r\n        <div class=\"bp-content\">\r\n\r\n          <!-- Metas -->\r\n          <div class=\"bp-top-meta\">\r\n                        <div class=\"bp-cat\">\r\n              <a href=\"https:\/\/ccm-wordpress.aidgreen.mx\/?cat=65\" rel=\"category\">Noticias<\/a>            <\/div>\r\n                        <div class=\"bp-author\">\r\n              <span>by <a href=\"https:\/\/ccm-wordpress.aidgreen.mx\/?author=1\" rel=\"author\">admin<\/a><\/span>            <\/div>\r\n                      <\/div>\r\n          <!-- Metas -->\r\n\r\n          <a href=\"https:\/\/ccm-wordpress.aidgreen.mx\/?p=2365\" class=\"bp-heading\">El rol de la igualdad de g\u00e9nero para lograr el liderazgo clim\u00e1tico de las empresas en M\u00e9xico<\/a>\r\n                    <p>El consorcio conformado por WWF M\u00e9xico,\u00a0CDP[&#8230;]<\/p>\r\n          <a href=\"https:\/\/ccm-wordpress.aidgreen.mx\/?p=2365\" class=\"bp-read-more\">\r\n            Ver m\u00e1s          <\/a>\r\n                    <div class=\"bp-bottom-comments\">\r\n            <span><\/span>          <\/div>\r\n                  <\/div>\r\n        <!-- Content -->\r\n\r\n        <\/div><!-- #post-## -->\r\n\r\n      \r\n      <div id=\"post-2351\" class=\"krth-blog-post post-2351 post type-post status-publish format-standard has-post-thumbnail hentry category-noticias\">\r\n\r\n                <div class=\"featured-image rounded-three\">\r\n          <img decoding=\"async\" src=\"https:\/\/ccm-wordpress.aidgreen.mx\/wp-content\/uploads\/2023\/02\/image003-370x260.png\" alt=\"Foro Regional \u201cExperiencias de coordinaci\u00f3n intermunicipal para la gesti\u00f3n ambiental en la gesti\u00f3n integral de cuencas y el manejo integral de los residuos s\u00f3lidos\u201d | FIDESUR\">\r\n        <\/div>\r\n        \r\n        <!-- Content -->\r\n        <div class=\"bp-content\">\r\n\r\n          <!-- Metas -->\r\n          <div class=\"bp-top-meta\">\r\n                        <div class=\"bp-cat\">\r\n              <a href=\"https:\/\/ccm-wordpress.aidgreen.mx\/?cat=65\" rel=\"category\">Noticias<\/a>            <\/div>\r\n                        <div class=\"bp-author\">\r\n              <span>by <a href=\"https:\/\/ccm-wordpress.aidgreen.mx\/?author=1\" rel=\"author\">admin<\/a><\/span>            <\/div>\r\n                      <\/div>\r\n          <!-- Metas -->\r\n\r\n          <a href=\"https:\/\/ccm-wordpress.aidgreen.mx\/?p=2351\" class=\"bp-heading\">Foro Regional \u201cExperiencias de coordinaci\u00f3n intermunicipal para la gesti\u00f3n ambiental en la gesti\u00f3n integral de cuencas y el manejo integral de los residuos s\u00f3lidos\u201d | FIDESUR<\/a>\r\n                    <p>En el marco de la implementaci\u00f3n[&#8230;]<\/p>\r\n          <a href=\"https:\/\/ccm-wordpress.aidgreen.mx\/?p=2351\" class=\"bp-read-more\">\r\n            Ver m\u00e1s          <\/a>\r\n                    <div class=\"bp-bottom-comments\">\r\n            <span><\/span>          <\/div>\r\n                  <\/div>\r\n        <!-- Content -->\r\n\r\n        <\/div><!-- #post-## -->\r\n\r\n      \r\n    <\/div>\r\n    <!-- Blog End -->\r\n\r\n    <div class='wp-pagenavi' role='navigation'>\n<span class='pages'>P\u00e1gina 1 de 4<\/span><span aria-current='page' class='current'>1<\/span><a class=\"page larger\" title=\"P\u00e1gina 2\" href=\"https:\/\/ccm-wordpress.aidgreen.mx\/index.php?rest_route=%2Fwp%2Fv2%2Fpages%2F536&#038;paged=2\">2<\/a><a class=\"page larger\" title=\"P\u00e1gina 3\" href=\"https:\/\/ccm-wordpress.aidgreen.mx\/index.php?rest_route=%2Fwp%2Fv2%2Fpages%2F536&#038;paged=3\">3<\/a><a class=\"page larger\" title=\"P\u00e1gina 4\" href=\"https:\/\/ccm-wordpress.aidgreen.mx\/index.php?rest_route=%2Fwp%2Fv2%2Fpages%2F536&#038;paged=4\">4<\/a><a class=\"nextpostslink\" rel=\"next\" aria-label=\"P\u00e1gina siguiente\" href=\"https:\/\/ccm-wordpress.aidgreen.mx\/index.php?rest_route=%2Fwp%2Fv2%2Fpages%2F536&#038;paged=2\">&raquo;<\/a>\n<\/div>[\/vc_column][\/vc_row][vc_row][vc_column][vc_separator color=&#8221;custom&#8221; accent_color=&#8221;#95C120&#8243; el_width=&#8221;50&#8243; css=&#8221;&#8221;][vc_empty_space][\/vc_column][\/vc_row]<\/p>\n<\/div>","protected":false},"excerpt":{"rendered":"[vc_row overlay_dotted=&#8221;&#8221; css=&#8221;.vc_custom_1471676056762{margin-top: 20px !important;margin-bottom: 45px[&#8230;]","protected":false},"author":1,"featured_media":0,"parent":0,"menu_order":7,"comment_status":"closed","ping_status":"closed","template":"","meta":{"footnotes":""},"class_list":["post-536","page","type-page","status-publish","hentry"],"_links":{"self":[{"href":"https:\/\/ccm-wordpress.aidgreen.mx\/index.php?rest_route=\/wp\/v2\/pages\/536","targetHints":{"allow":["GET"]}}],"collection":[{"href":"https:\/\/ccm-wordpress.aidgreen.mx\/index.php?rest_route=\/wp\/v2\/pages"}],"about":[{"href":"https:\/\/ccm-wordpress.aidgreen.mx\/index.php?rest_route=\/wp\/v2\/types\/page"}],"author":[{"embeddable":true,"href":"https:\/\/ccm-wordpress.aidgreen.mx\/index.php?rest_route=\/wp\/v2\/users\/1"}],"replies":[{"embeddable":true,"href":"https:\/\/ccm-wordpress.aidgreen.mx\/index.php?rest_route=%2Fwp%2Fv2%2Fcomments&post=536"}],"version-history":[{"count":34,"href":"https:\/\/ccm-wordpress.aidgreen.mx\/index.php?rest_route=\/wp\/v2\/pages\/536\/revisions"}],"predecessor-version":[{"id":3050,"href":"https:\/\/ccm-wordpress.aidgreen.mx\/index.php?rest_route=\/wp\/v2\/pages\/536\/revisions\/3050"}],"wp:attachment":[{"href":"https:\/\/ccm-wordpress.aidgreen.mx\/index.php?rest_route=%2Fwp%2Fv2%2Fmedia&parent=536"}],"curies":[{"name":"wp","href":"https:\/\/api.w.org\/{rel}","templated":true}]}}