{"id":70,"date":"2016-08-02T04:26:44","date_gmt":"2016-08-02T04:26:44","guid":{"rendered":"http:\/\/kroth:8888\/?page_id=2"},"modified":"2025-03-08T12:03:32","modified_gmt":"2025-03-08T18:03:32","slug":"home","status":"publish","type":"page","link":"https:\/\/ccm-wordpress.aidgreen.mx\/","title":{"rendered":"Home"},"content":{"rendered":"<div class=\"wpb-content-wrapper\"><p>[vc_row full_width=&#8221;stretch_row&#8221; overlay_dotted=&#8221;&#8221; css=&#8221;.vc_custom_1481540870149{margin-top: 0px !important;margin-bottom: 0px !important;padding-top: 0px !important;padding-bottom: 0px !important;}&#8221;][vc_column][\/vc_column][\/vc_row][vc_row full_width=&#8221;stretch_row&#8221; overlay_dotted=&#8221;&#8221; css=&#8221;.vc_custom_1481540949650{margin-top: 0px !important;margin-bottom: 0px !important;padding-top: 35px !important;padding-bottom: 40px !important;}&#8221;][vc_column width=&#8221;1\/2&#8243;][vc_single_image image=&#8221;1685&#8243; img_size=&#8221;full&#8221; css=&#8221;&#8221;][\/vc_column][vc_column width=&#8221;1\/2&#8243;][vc_custom_heading text=&#8221;\u00bfQu\u00e9 es la Comunidad Clim\u00e1tica Mexicana?&#8221; font_container=&#8221;tag:h2|text_align:left|color:%23009966&#8243; google_fonts=&#8221;font_family:Raleway%3A100%2C200%2C300%2Cregular%2C500%2C600%2C700%2C800%2C900|font_style:700%20bold%20regular%3A700%3Anormal&#8221; css=&#8221;&#8221;][vc_column_text css=&#8221;&#8221;]<\/p>\n<p style=\"text-align: justify;\">La Comunidad Clim\u00e1tica Mexicana (CCM) es una iniciativa de la Mesa Directiva de la Asociaci\u00f3n Nacional de Autoridades Ambientales (ANAAE), la Iniciativa Clim\u00e1tica de M\u00e9xico (ICM) y el Instituto de Recursos Mundiales (WRI M\u00e9xico, por sus siglas en ingl\u00e9s).<\/p>\n<p style=\"text-align: justify;\">La CCM tiene como objetivo acelerar la acci\u00f3n clim\u00e1tica de los gobiernos subnacionales, alineados a la mitigaci\u00f3n de 1.5\u00b0C de calentamiento global, a trav\u00e9s espacios de colaboraci\u00f3n, acompa\u00f1amiento y fortalecimiento de capacidades, con el fin de promover el desarrollo sustentable, resiliente y bajo en carbono.<\/p>\n<p>[\/vc_column_text][vc_single_image image=&#8221;1661&#8243; img_size=&#8221;medium&#8221; alignment=&#8221;center&#8221; css=&#8221;&#8221;][\/vc_column][\/vc_row][vc_row full_width=&#8221;stretch_row&#8221; overlay_dotted=&#8221;&#8221; css=&#8221;.vc_custom_1471666537436{padding-top: 45px !important;padding-bottom: 80px !important;background-color: #f8f8f8 !important;}&#8221;][vc_column width=&#8221;1\/2&#8243;][vc_custom_heading text=&#8221;\u00bfA qui\u00e9n est\u00e1 dirigida?&#8221; font_container=&#8221;tag:h2|text_align:left|color:%23009966&#8243; google_fonts=&#8221;font_family:Raleway%3A100%2C200%2C300%2Cregular%2C500%2C600%2C700%2C800%2C900|font_style:700%20bold%20regular%3A700%3Anormal&#8221; css=&#8221;&#8221;][vc_column_text css=&#8221;&#8221;]<\/p>\n<p style=\"text-align: justify;\"><span style=\"font-weight: 400;\">La CCM est\u00e1 dirigida principalmente a personas servidoras p\u00fablicas de gobiernos estatales de los sectores medioambiental, desarrollo urbano, movilidad, desarrollo social y econ\u00f3mico. <\/span><\/p>\n<p style=\"text-align: justify;\"><span style=\"font-weight: 400;\">I<\/span><span style=\"font-weight: 400;\">nvita tambi\u00e9n a una acci\u00f3n clim\u00e1tica subnacional coordinada con otros niveles de gobierno como el municipal y federal, as\u00ed como a instituciones de cooperaci\u00f3n, sociedad civil organizada y academia.<\/span><\/p>\n<h3 style=\"text-align: right;\"><\/h3>\n<p>[\/vc_column_text][vc_custom_heading text=&#8221;&#8220;Tres a\u00f1os impulsando la acci\u00f3n clim\u00e1tica subnacional&#8220;&#8221; font_container=&#8221;tag:h4|text_align:center|color:%2399CC33&#8243; google_fonts=&#8221;font_family:Montserrat%20Alternates%3Aregular%2C700|font_style:400%20regular%3A400%3Anormal&#8221; css=&#8221;&#8221;][\/vc_column][vc_column width=&#8221;1\/2&#8243;][vc_video link=&#8221;https:\/\/www.youtube.com\/watch?v=QDFlfXHC0E4&amp;t=1s&#8221; align=&#8221;center&#8221; css=&#8221;&#8221;][\/vc_column][\/vc_row][vc_row full_width=&#8221;stretch_row&#8221; parallax=&#8221;content-moving&#8221; parallax_speed_bg=&#8221;2&#8243; overlay_dotted=&#8221;&#8221; css=&#8221;.vc_custom_1737924385487{padding-top: 40px !important;padding-bottom: 70px !important;}&#8221; overlay_color=&#8221;#FFFFFF&#8221;][vc_column width=&#8221;1\/2&#8243;][vc_custom_heading text=&#8221;Acelerando la acci\u00f3n clim\u00e1tica mediante el conocimiento y el intercambio de experiencias&#8221; font_container=&#8221;tag:h2|text_align:left|color:%23009966&#8243; google_fonts=&#8221;font_family:Raleway%3A100%2C200%2C300%2Cregular%2C500%2C600%2C700%2C800%2C900|font_style:700%20bold%20regular%3A700%3Anormal&#8221; css=&#8221;&#8221;][vc_column_text css=&#8221;&#8221;]<\/p>\n<p style=\"text-align: justify;\"><span style=\"font-weight: 400;\">La Comunidad Clim\u00e1tica Mexicana busca potenciar la colaboraci\u00f3n de las <strong>entidades federativas<\/strong> de M\u00e9xico con aliados estrat\u00e9gicos que tengan incidencia a nivel local. De esta forma, fungimos como una plataforma de vinculaci\u00f3n, buscando canalizar los esfuerzos entre las organizaciones especializadas y los gobiernos locales.<\/span> <span style=\"font-weight: 400;\">Ejemplo de esto, es que a trav\u00e9s de la CCM hemos facilitado espacios de colaboraci\u00f3n, acompa\u00f1amiento y fortalecimiento de capacidades, con el fin de promover el desarrollo sustentable, resiliente y bajo en carbono.<\/span><\/p>\n<p style=\"text-align: justify;\"><span style=\"font-weight: 400;\"> Algunas de estas acciones incluyen capacitaciones profundas (aceleradores), capacitaciones (seminarios), adem\u00e1s de productos y canales de car\u00e1cter informativo que facilitan informaci\u00f3n relevante que visibilice y facilite el trabajo hacia la acci\u00f3n clim\u00e1tica subnacional. Adem\u00e1s, mediante las distintas actividades de fortalecimiento de capacidades, la CCM interact\u00faa y apoya a los gobiernos subnacionales. La estrecha colaboraci\u00f3n con la ANAAE ha permitido mantener vigente la identificaci\u00f3n de las necesidades subnacionales para avanzar hacia el desarrollo de pol\u00edticas e instrumentos, as\u00ed como la implementaci\u00f3n de proyectos clim\u00e1ticos.<\/span><\/p>\n<p>[\/vc_column_text][vc_single_image image=&#8221;1820&#8243; img_size=&#8221;large&#8221; alignment=&#8221;center&#8221; css=&#8221;&#8221;][\/vc_column][vc_column width=&#8221;1\/2&#8243; text_alignment=&#8221;text-center&#8221;][vc_empty_space height=&#8221;140px&#8221;][vc_column_text css=&#8221;&#8221;]<\/p>\n<h4><img loading=\"lazy\" decoding=\"async\" class=\"wp-image-1679 size-full alignnone\" src=\"https:\/\/ccm-wordpress.aidgreen.mx\/wp-content\/uploads\/2025\/02\/Seminarios-online-v1.png\" alt=\"\" width=\"50\" height=\"50\" \/><\/h4>\n<h4><\/h4>\n<h4><\/h4>\n<h4><\/h4>\n<h4 style=\"text-align: left;\">Seminarios en l\u00ednea<\/h4>\n<p style=\"text-align: left;\">Capacitaciones cortas que fortalecen las acciones clim\u00e1ticas.<\/p>\n<p>[\/vc_column_text][vc_column_text css=&#8221;&#8221;]<\/p>\n<h3><img loading=\"lazy\" decoding=\"async\" class=\"wp-image-1681 size-full alignnone\" src=\"https:\/\/ccm-wordpress.aidgreen.mx\/wp-content\/uploads\/2025\/02\/Historias-climaticas-v1.png\" alt=\"\" width=\"50\" height=\"50\" \/><\/h3>\n<h3><\/h3>\n<h4 style=\"text-align: left;\">Historias clim\u00e1ticas<\/h4>\n<p style=\"text-align: left;\">Visibilizaci\u00f3n de proyectos locales de adapraci\u00f3n y mitigaci\u00f3n.<\/p>\n<p>[\/vc_column_text][vc_column_text css=&#8221;&#8221;]<\/p>\n<h4><img loading=\"lazy\" decoding=\"async\" class=\"wp-image-1683 size-full alignnone\" src=\"https:\/\/ccm-wordpress.aidgreen.mx\/wp-content\/uploads\/2025\/02\/Aceleradores-para-la-ccion-climatica-v1.png\" alt=\"\" width=\"50\" height=\"50\" \/><\/h4>\n<h4><\/h4>\n<h4 style=\"text-align: left;\">Aceleradores para la acci\u00f3n clim\u00e1tica<\/h4>\n<p style=\"text-align: left;\">Acompa\u00f1amiento especializado para fortalecer capacidades.<\/p>\n<p>[\/vc_column_text][vc_column_text css=&#8221;&#8221;]<\/p>\n<h4><img loading=\"lazy\" decoding=\"async\" class=\"alignnone size-full wp-image-1818\" src=\"https:\/\/ccm-wordpress.aidgreen.mx\/wp-content\/uploads\/2025\/02\/canales-comunicacion_2-copia.png\" alt=\"\" width=\"51\" height=\"59\" \/><\/h4>\n<h4 style=\"text-align: left;\">Canales de comunicaci\u00f3n<\/h4>\n<p style=\"text-align: left;\">Informaci\u00f3n de inter\u00e9s para los gobiernos subnacionales para la implementaci\u00f3n y visibilizaci\u00f3n de sus estrategias de acci\u00f3n clim\u00e1tica.<\/p>\n<p>[\/vc_column_text][\/vc_column][\/vc_row][vc_row full_width=&#8221;stretch_row&#8221; parallax=&#8221;content-moving&#8221; parallax_speed_bg=&#8221;3&#8243; overlay_dotted=&#8221;&#8221; css=&#8221;.vc_custom_1738525326464{padding-top: 8px !important;padding-bottom: 35px !important;}&#8221; overlay_color=&#8221;#FFFFFF&#8221;][vc_column][vc_separator color=&#8221;custom&#8221; accent_color=&#8221;#81D742&#8243; el_width=&#8221;80&#8243; css=&#8221;&#8221;][\/vc_column][\/vc_row][vc_row overlay_dotted=&#8221;&#8221; css=&#8221;.vc_custom_1471676056762{margin-top: 20px !important;margin-bottom: 45px !important;padding-top: 15px !important;padding-bottom: 0px !important;}&#8221;][vc_column width=&#8221;1\/2&#8243;][vc_custom_heading text=&#8221;Anuncios recientes&#8221; font_container=&#8221;tag:h2|text_align:left|color:%23009966&#8243; google_fonts=&#8221;font_family:Raleway%3A100%2C200%2C300%2Cregular%2C500%2C600%2C700%2C800%2C900|font_style:700%20bold%20regular%3A700%3Anormal&#8221; css=&#8221;&#8221;][\/vc_column][vc_column width=&#8221;1\/2&#8243; text_alignment=&#8221;text-right&#8221;]<a class=\"krth-btn btn-secondary  vc_custom_1741457006098 btn-medium krth-btn-69dd594eda2ee btn-hover-one btn-icon-left rounded-three \" href=\"https:\/\/ccm-wordpress.aidgreen.mx\/?page_id=536\"><span class=\"btn-text\">Ir a nuestros anuncios<\/span><\/a>[\/vc_column][\/vc_row][vc_row overlay_dotted=&#8221;&#8221; css=&#8221;.vc_custom_1471677989099{margin-top: 0px !important;margin-bottom: 0px !important;padding-top: 0px !important;padding-bottom: 30px !important;}&#8221;][vc_column]\r\n    <!-- Blog Start -->\r\n    <div class=\"krth-blog-one krth-blog-col-3  krth-post-69dd594eda378 \">\r\n\r\n      \r\n      <div id=\"post-2856\" class=\"krth-blog-post post-2856 post type-post status-publish format-aside has-post-thumbnail hentry category-seminarios-anteriores tag-accion-climatica tag-accion-climatica-subnacional tag-cambio-climatico tag-desarrollo-sostenible post_format-post-format-aside\">\r\n\r\n                <div class=\"featured-image rounded-three\">\r\n          <img decoding=\"async\" src=\"https:\/\/ccm-wordpress.aidgreen.mx\/wp-content\/uploads\/2025\/02\/Plantilla-postales-Fase-I.pptx-1-370x260.jpg\" alt=\"Seminario 53: Econom\u00eda circular de los pl\u00e1sticos, implicaciones y gu\u00eda para gobiernos subnacionales\">\r\n        <\/div>\r\n        \r\n        <!-- Content -->\r\n        <div class=\"bp-content\">\r\n\r\n          <!-- Metas -->\r\n          <div class=\"bp-top-meta\">\r\n                        <div class=\"bp-author\">\r\n              <span>by <a href=\"https:\/\/ccm-wordpress.aidgreen.mx\/?author=1\" rel=\"author\">admin<\/a><\/span>            <\/div>\r\n                      <\/div>\r\n          <!-- Metas -->\r\n\r\n          <a href=\"https:\/\/ccm-wordpress.aidgreen.mx\/?p=2856\" class=\"bp-heading\">Seminario 53: Econom\u00eda circular de los pl\u00e1sticos, implicaciones y gu\u00eda para gobiernos subnacionales<\/a>\r\n                    <p>El Seminario 53, organizado por la Comunidad Clim\u00e1tica Mexicana, reuni\u00f3 a expertas y expertos[&#8230;]<\/p>\r\n          <a href=\"https:\/\/ccm-wordpress.aidgreen.mx\/?p=2856\" class=\"bp-read-more\">\r\n            Ver m\u00e1s          <\/a>\r\n                    <div class=\"bp-bottom-comments\">\r\n            <span><\/span>          <\/div>\r\n                  <\/div>\r\n        <!-- Content -->\r\n\r\n        <\/div><!-- #post-## -->\r\n\r\n      \r\n      <div id=\"post-2837\" class=\"krth-blog-post post-2837 post type-post status-publish format-aside has-post-thumbnail hentry category-seminarios-anteriores tag-accion-climatica tag-accion-climatica-subnacional tag-cambio-climatico tag-financiamiento-sostenible post_format-post-format-aside\">\r\n\r\n                <div class=\"featured-image rounded-three\">\r\n          <img decoding=\"async\" src=\"https:\/\/ccm-wordpress.aidgreen.mx\/wp-content\/uploads\/2024\/11\/Postal_Anuncio.pptx-2-370x260.jpg\" alt=\"Seminario 52: Presentaci\u00f3n del Diagn\u00f3stico Estatal de las Capacidades Institucionales para la Acci\u00f3n Clim\u00e1tica\u00a0\">\r\n        <\/div>\r\n        \r\n        <!-- Content -->\r\n        <div class=\"bp-content\">\r\n\r\n          <!-- Metas -->\r\n          <div class=\"bp-top-meta\">\r\n                        <div class=\"bp-author\">\r\n              <span>by <a href=\"https:\/\/ccm-wordpress.aidgreen.mx\/?author=1\" rel=\"author\">admin<\/a><\/span>            <\/div>\r\n                      <\/div>\r\n          <!-- Metas -->\r\n\r\n          <a href=\"https:\/\/ccm-wordpress.aidgreen.mx\/?p=2837\" class=\"bp-heading\">Seminario 52: Presentaci\u00f3n del Diagn\u00f3stico Estatal de las Capacidades Institucionales para la Acci\u00f3n Clim\u00e1tica\u00a0<\/a>\r\n                    <p>El Seminario 52 organizado por la Comunidad Clim\u00e1tica Mexicana present\u00f3 los resultados del Diagn\u00f3stico[&#8230;]<\/p>\r\n          <a href=\"https:\/\/ccm-wordpress.aidgreen.mx\/?p=2837\" class=\"bp-read-more\">\r\n            Ver m\u00e1s          <\/a>\r\n                    <div class=\"bp-bottom-comments\">\r\n            <span><\/span>          <\/div>\r\n                  <\/div>\r\n        <!-- Content -->\r\n\r\n        <\/div><!-- #post-## -->\r\n\r\n      \r\n      <div id=\"post-2816\" class=\"krth-blog-post post-2816 post type-post status-publish format-aside has-post-thumbnail hentry category-material-orientativo category-seminarios-anteriores tag-accion-climatica tag-accion-climatica-subnacional tag-cambio-climatico tag-desarrollo-sostenible tag-descarbonizacion tag-equidad-de-genero-e-inclusion-social tag-financiamiento-sostenible post_format-post-format-aside\">\r\n\r\n                <div class=\"featured-image rounded-three\">\r\n          <img decoding=\"async\" src=\"https:\/\/ccm-wordpress.aidgreen.mx\/wp-content\/uploads\/2024\/10\/handshake-5768632_1280-370x260.jpg\" alt=\"Mesa Redonda: Continuidad y coordinaci\u00f3n de proyectos clim\u00e1ticos en gobiernos subnacionales: Enfoques para la transici\u00f3n\u00a0\">\r\n        <\/div>\r\n        \r\n        <!-- Content -->\r\n        <div class=\"bp-content\">\r\n\r\n          <!-- Metas -->\r\n          <div class=\"bp-top-meta\">\r\n                        <div class=\"bp-author\">\r\n              <span>by <a href=\"https:\/\/ccm-wordpress.aidgreen.mx\/?author=1\" rel=\"author\">admin<\/a><\/span>            <\/div>\r\n                      <\/div>\r\n          <!-- Metas -->\r\n\r\n          <a href=\"https:\/\/ccm-wordpress.aidgreen.mx\/?p=2816\" class=\"bp-heading\">Mesa Redonda: Continuidad y coordinaci\u00f3n de proyectos clim\u00e1ticos en gobiernos subnacionales: Enfoques para la transici\u00f3n\u00a0<\/a>\r\n                    <p>La mesa redonda se llev\u00f3 a cabo en un momento clave tras las elecciones[&#8230;]<\/p>\r\n          <a href=\"https:\/\/ccm-wordpress.aidgreen.mx\/?p=2816\" class=\"bp-read-more\">\r\n            Ver m\u00e1s          <\/a>\r\n                    <div class=\"bp-bottom-comments\">\r\n            <span><\/span>          <\/div>\r\n                  <\/div>\r\n        <!-- Content -->\r\n\r\n        <\/div><!-- #post-## -->\r\n\r\n      \r\n    <\/div>\r\n    <!-- Blog End -->\r\n\r\n    [\/vc_column][\/vc_row][vc_row full_width=&#8221;stretch_row&#8221; parallax=&#8221;content-moving&#8221; parallax_speed_bg=&#8221;3&#8243; overlay_dotted=&#8221;&#8221; css=&#8221;.vc_custom_1738525326464{padding-top: 8px !important;padding-bottom: 35px !important;}&#8221; overlay_color=&#8221;#FFFFFF&#8221;][vc_column][vc_separator color=&#8221;custom&#8221; accent_color=&#8221;#81D742&#8243; el_width=&#8221;80&#8243; css=&#8221;&#8221;][\/vc_column][\/vc_row][vc_row overlay_dotted=&#8221;&#8221; css=&#8221;.vc_custom_1471676056762{margin-top: 20px !important;margin-bottom: 45px !important;padding-top: 15px !important;padding-bottom: 0px !important;}&#8221;][vc_column width=&#8221;1\/2&#8243;][vc_custom_heading text=&#8221;Pr\u00f3ximos seminarios&#8221; font_container=&#8221;tag:h2|text_align:left|color:%23009966&#8243; google_fonts=&#8221;font_family:Raleway%3A100%2C200%2C300%2Cregular%2C500%2C600%2C700%2C800%2C900|font_style:700%20bold%20regular%3A700%3Anormal&#8221; css=&#8221;&#8221;][\/vc_column][vc_column width=&#8221;1\/2&#8243; text_alignment=&#8221;text-right&#8221;]<a class=\"krth-btn btn-secondary  vc_custom_1740612518232 btn-medium krth-btn-69dd594edd1bb btn-hover-one btn-icon-left rounded-three \" href=\"https:\/\/ccm-wordpress.aidgreen.mx\/?page_id=2893\"><span class=\"btn-text\">Seminarios anteriores<\/span><\/a>[\/vc_column][\/vc_row][vc_row overlay_dotted=&#8221;&#8221; css=&#8221;.vc_custom_1471677989099{margin-top: 0px !important;margin-bottom: 0px !important;padding-top: 0px !important;padding-bottom: 30px !important;}&#8221;][vc_column]\r\n    <!-- Blog Start -->\r\n    <div class=\"krth-blog-one krth-blog-col-3  krth-post-69dd594edd213 \">\r\n\r\n      \r\n    <\/div>\r\n    <!-- Blog End -->\r\n\r\n    [\/vc_column][\/vc_row][vc_row full_width=&#8221;stretch_row&#8221; parallax=&#8221;content-moving&#8221; parallax_speed_bg=&#8221;3&#8243; overlay_dotted=&#8221;&#8221; css=&#8221;.vc_custom_1738525326464{padding-top: 8px !important;padding-bottom: 35px !important;}&#8221; overlay_color=&#8221;#FFFFFF&#8221;][vc_column][vc_separator color=&#8221;custom&#8221; accent_color=&#8221;#81D742&#8243; el_width=&#8221;80&#8243; css=&#8221;&#8221;][\/vc_column][\/vc_row][vc_row full_width=&#8221;stretch_row&#8221; overlay_dotted=&#8221;&#8221; css=&#8221;.vc_custom_1471678554982{margin-top: 0px !important;margin-bottom: 0px !important;padding-top: 15px !important;padding-bottom: 45px !important;}&#8221;][vc_column][vc_custom_heading text=&#8221;Una iniciativa de&#8221; font_container=&#8221;tag:h3|text_align:center|color:%23009966&#8243; google_fonts=&#8221;font_family:Raleway%3A100%2C200%2C300%2Cregular%2C500%2C600%2C700%2C800%2C900|font_style:500%20bold%20regular%3A500%3Anormal&#8221; css=&#8221;&#8221;][\/vc_column][\/vc_row][vc_row full_width=&#8221;stretch_row&#8221; overlay_dotted=&#8221;&#8221; css=&#8221;.vc_custom_1471678554982{margin-top: 0px !important;margin-bottom: 0px !important;padding-top: 15px !important;padding-bottom: 45px !important;}&#8221;][vc_column width=&#8221;1\/3&#8243;]<div class=\"krth-partners rounded-three \"><a href=\"https:\/\/www.anaae.com.mx\/\" class=\"company-logo\" target=\"_blank\"><img decoding=\"async\" src=\"https:\/\/ccm-wordpress.aidgreen.mx\/wp-content\/uploads\/2025\/03\/logos-02-anaae_nuevo.png\" alt=\"\"><\/a><span class=\"company-name\"><\/span><\/div>[\/vc_column][vc_column width=&#8221;1\/3&#8243;]<div class=\"krth-partners rounded-three \"><a href=\"https:\/\/www.iniciativaclimatica.org\/\" class=\"company-logo\" target=\"_blank\"><img decoding=\"async\" src=\"https:\/\/ccm-wordpress.aidgreen.mx\/wp-content\/uploads\/2025\/03\/logos-03-2.png\" alt=\"\"><\/a><span class=\"company-name\"><\/span><\/div>[\/vc_column][vc_column width=&#8221;1\/3&#8243;]<div class=\"krth-partners rounded-three \"><a href=\"https:\/\/es.wri.org\/\" class=\"company-logo\" target=\"_blank\"><img decoding=\"async\" src=\"https:\/\/ccm-wordpress.aidgreen.mx\/wp-content\/uploads\/2025\/03\/logos-_Mesa-de-trabajo-1.png\" alt=\"\"><\/a><span class=\"company-name\"><\/span><\/div>[\/vc_column][\/vc_row]<\/p>\n<\/div>","protected":false},"excerpt":{"rendered":"[vc_row full_width=&#8221;stretch_row&#8221; overlay_dotted=&#8221;&#8221; css=&#8221;.vc_custom_1481540870149{margin-top: 0px !important;margin-bottom: 0px !important;padding-top: 0px !important;padding-bottom: 0px !important;}&#8221;][vc_column][\/vc_column][\/vc_row][vc_row full_width=&#8221;stretch_row&#8221; overlay_dotted=&#8221;&#8221;[&#8230;]","protected":false},"author":1,"featured_media":0,"parent":0,"menu_order":0,"comment_status":"closed","ping_status":"open","template":"","meta":{"footnotes":""},"class_list":["post-70","page","type-page","status-publish","hentry"],"_links":{"self":[{"href":"https:\/\/ccm-wordpress.aidgreen.mx\/index.php?rest_route=\/wp\/v2\/pages\/70","targetHints":{"allow":["GET"]}}],"collection":[{"href":"https:\/\/ccm-wordpress.aidgreen.mx\/index.php?rest_route=\/wp\/v2\/pages"}],"about":[{"href":"https:\/\/ccm-wordpress.aidgreen.mx\/index.php?rest_route=\/wp\/v2\/types\/page"}],"author":[{"embeddable":true,"href":"https:\/\/ccm-wordpress.aidgreen.mx\/index.php?rest_route=\/wp\/v2\/users\/1"}],"replies":[{"embeddable":true,"href":"https:\/\/ccm-wordpress.aidgreen.mx\/index.php?rest_route=%2Fwp%2Fv2%2Fcomments&post=70"}],"version-history":[{"count":60,"href":"https:\/\/ccm-wordpress.aidgreen.mx\/index.php?rest_route=\/wp\/v2\/pages\/70\/revisions"}],"predecessor-version":[{"id":3030,"href":"https:\/\/ccm-wordpress.aidgreen.mx\/index.php?rest_route=\/wp\/v2\/pages\/70\/revisions\/3030"}],"wp:attachment":[{"href":"https:\/\/ccm-wordpress.aidgreen.mx\/index.php?rest_route=%2Fwp%2Fv2%2Fmedia&parent=70"}],"curies":[{"name":"wp","href":"https:\/\/api.w.org\/{rel}","templated":true}]}}